{"id":65779,"date":"2017-11-20T13:54:18","date_gmt":"2017-11-20T13:54:18","guid":{"rendered":"https:\/\/natalpraias.com.br\/?page_id=65779\/"},"modified":"2017-12-12T10:57:59","modified_gmt":"2017-12-12T10:57:59","slug":"alquiler-de-autos-en-natal","status":"publish","type":"page","link":"https:\/\/natalpraias.com.br\/es\/alquiler-de-autos-en-natal\/","title":{"rendered":"Alquiler de Autos en Natal"},"content":{"rendered":"<p>[vc_row][vc_column][vc_column_text]<\/p>\n<div class=\"vc_row wpb_row vc_row-fluid\">\n<div class=\"wpb_column vc_column_container vc_col-sm-12\">\n<div class=\"vc_column-inner \">\n<div class=\"wpb_wrapper\">\n<div class=\"wpb_text_column wpb_content_element \">\n<div class=\"wpb_wrapper\">\n<h1><span style=\"font-size: 24pt; font-family: tahoma, arial, helvetica, sans-serif; color: #808080;\">Alquiler de Autos en Natal encontre tu\u00a0 coche Aqui<\/span><\/h1>\n<\/div>\n<\/div>\n<\/div>\n<\/div>\n<\/div>\n<\/div>\n<div class=\"vc_row wpb_row vc_row-fluid\">\n<div class=\"wpb_column vc_column_container vc_col-sm-12\">\n<div class=\"vc_column-inner \">\n<div class=\"wpb_wrapper\">\n<div class=\"wpb_text_column wpb_content_element \">\n<div class=\"wpb_wrapper\">\n<p><span style=\"font-size: 14pt;\"><strong><span style=\"color: #808080;\">Alquiler de Autos en Natal:\u00a0<\/span><\/strong><span style=\"font-family: tahoma, arial, helvetica, sans-serif; color: #808080;\">\u00a1Alquile un coche y disfrute de la ciudad del sol!<\/span><\/span><\/p>\n<p><span style=\"font-size: 14pt; font-family: tahoma, arial, helvetica, sans-serif; color: #808080;\"><strong>\u00a0<\/strong>Hace tiempo el\u00a0<strong>alquiler de autos en Natal<\/strong>\u00a0dej\u00f3 de ser considerado un lujo y pas\u00f3 a ser un esencial para pasear y disfrutar de la ciudad en las vacaciones o viajes a trabajo. Con un coche, usted ahorra tiempo, pues no necesita quedarse esperando el autob\u00fas para llegar a su destino, hace el paseo m\u00e1s c\u00f3modo en un coche y tiene la facilidad de moverse con sus compras y maletas.<\/span><\/p>\n<p><span style=\"font-size: 14pt; font-family: tahoma, arial, helvetica, sans-serif; color: #808080;\">Adem\u00e1s, el transporte privado es mucho m\u00e1s seguro que el p\u00fablico y usted va a poder salir en la noche sin preocuparse por tener efectivo para pagar el taxi \u00ad las l\u00edneas de autob\u00fas no funcionan en la madrugada.<\/span><\/p>\n<p><span style=\"font-size: 14pt; font-family: tahoma, arial, helvetica, sans-serif; color: #808080;\">Entre los muchos benef\u00edcios que\u00a0<a href=\"https:\/\/natalpraias.com.br\/es\/natal-rn\/\">Natal<\/a>\u00a0ofrece, est\u00e1 la gran variedad de sitios de alquilar coches. Luego, alquilar un coches en Natal es algo muy tranquilo y f\u00e1cil. Muchas empresas aceptan tarjeta de cr\u00e9dito, lo que facilita a\u00fan m\u00e1s el alquiler.<\/span><\/p>\n<p><span style=\"font-size: 14pt; font-family: tahoma, arial, helvetica, sans-serif; color: #808080;\">P\u00f3ngase atento a los detalles en la hora de elegir el coche, pues eso puede hacer gran diferencia en su viaje. Recu\u00e9rdese de buscar una compa\u00f1\u00eda afuera del aeropuerto y hacer la reservaci\u00f3n con anticipaci\u00f3n. Esto es muy importante para que usted logre obtener una tarifa m\u00e1s baja.<\/span><\/p>\n<p><span style=\"font-size: 14pt; font-family: tahoma, arial, helvetica, sans-serif; color: #808080;\">Como en cualquier sitio tur\u00edstico, es necesario que usted considere algunos factores antes de\u00a0<strong>alquilar su coche en Natal<\/strong>.<\/span><\/p>\n<p><span style=\"font-size: 14pt; font-family: tahoma, arial, helvetica, sans-serif; color: #808080;\">Primero, debe elegir un coche que sea c\u00f3modo para usted y su familia. Tambi\u00e9n es importante tener en mente la cantidad de maletas que est\u00e1 trayendo y si tiene la intenci\u00f3n de aumentar el volumen de maletas durante su viaje \u00ad la mayor\u00eda de los carros peque\u00f1os soportan poco equipaje.<\/span><\/p>\n<p><span style=\"font-size: 14pt; font-family: tahoma, arial, helvetica, sans-serif; color: #808080;\">Cuando usted ya haya elegido el coche perfecto, sepa que manejar por las calles de Natal no es una tarea f\u00e1cil. La autopista BR\u00ad101 empieza cuando uno llega a la ciudad. Luego, est\u00e1 autopista se vuelve en la Avenida Senador Salgado FIlho. Y justo despu\u00e9s est\u00e1 la Avenida Hermes da Fonseca est\u00e1n las principales calles de la ciudad, donde usted encontrar\u00e1 los dos principales centros comerciales: Natal Shopping y Midway Mall.<\/span><\/p>\n<p><span style=\"font-size: 14pt; font-family: tahoma, arial, helvetica, sans-serif; color: #808080;\">Existe tambi\u00e9n la calle Engenheiro Roberto Freire, la calle principal del barrio Ponta Negra, donde est\u00e1 la playa de mismo nombre, gran parte de los hoteles de Natal, el principal punto tur\u00edstico del estado (el Morro do Careca) y muchas compa\u00f1\u00edas de alquiler de coches.<\/span><\/p>\n<p><span style=\"font-size: 14pt; font-family: tahoma, arial, helvetica, sans-serif; color: #808080;\">Un consejo importante para aquellos que quieren alquilar coches en Natal es: busquen no manejar en horas pico como en el inicio de la ma\u00f1ana \u00ad cuando los residentes est\u00e1n en camino a su trabajo \u00ad o en el final de la tarde \u00ad cuando los est\u00e1n regresando a sus casas. Aunque Natal se parezca a una ciudad peque\u00f1a, la capital del estado del Rio Grande do Norte tiene un tr\u00e1fico de veh\u00edculos intenso en algunas horas del d\u00eda, bien como otras capitales.<\/span><\/p>\n<h2><span style=\"font-size: 14pt; font-family: tahoma, arial, helvetica, sans-serif; color: #808080;\">\u00bfC\u00f3mo el alquiler de autos en Natal va a facilitar mis vacaciones?<\/span><\/h2>\n<p><span style=\"font-size: 14pt; font-family: tahoma, arial, helvetica, sans-serif; color: #808080;\">El hecho de alquilar un coche va a permitir que usted se desplace con m\u00e1s facilidad y disminuir\u00e1 la distancia entre usted y las principales playas de Natal. Adem\u00e1s, como siempre digo aqu\u00ed en Natal, el viaje se hace mucho m\u00e1s ahorrativo si uno alquila un coche.<\/span><\/p>\n<p><span style=\"font-size: 14pt; font-family: tahoma, arial, helvetica, sans-serif; color: #808080;\">Para llegar a playas del litoral sul como Pirangi, Tabatinga, B\u00fazios y Cotovelo, el acceso debe ser hecho por la Rota do Sol. Para visitar a la parte norte de la ciudad, donde est\u00e1n las playas Genipabu, Maracaja\u00fa, Touros e S\u00e3o Miguel do Gostoso, uno debe pasar por la Puente Newton Navarro.<\/span><\/p>\n<p><span style=\"font-size: 14pt; font-family: tahoma, arial, helvetica, sans-serif; color: #808080;\">Para llegar a la famosa\u00a0<a href=\"https:\/\/natalpraias.com.br\/es\/playa-de-pipa\/\">Playa de la Pipa<\/a>, uno debe ir por la ciudad Parnamirim, pasar por S\u00e3o Jos\u00e9 de Mipib\u00fa y, en Goianinha, uno llega a la autopista hacia la ciudad de Tiba\u00fa do Sul que lleva hasta la Playa de la Pipa.<\/span><\/p>\n<p><span style=\"font-size: 14pt; font-family: tahoma, arial, helvetica, sans-serif; color: #808080;\">\u00a1Haga su reservaci\u00f3n a trav\u00e9s de nuestro sitio web y obtenga los mejores precios de la ciudad!<\/span><\/p>\n<p><span style=\"font-size: 14pt; font-family: tahoma, arial, helvetica, sans-serif; color: #808080;\"><strong>\u00a1Haga su cotizaci\u00f3n ahora!<\/strong>\u00a0<a href=\"https:\/\/natalpraias.com.br\/aluguel-de-carros-em-natal\/cotacao-locacao-de-carros\/\">Alquiler de Coches en Natal<\/a><\/span><\/p>\n<p><span style=\"font-size: 14pt; font-family: tahoma, arial, helvetica, sans-serif; color: #808080;\">\u00a0<img fetchpriority=\"high\" decoding=\"async\" class=\"aligncenter size-full wp-image-6107\" src=\"https:\/\/natalpraias.com.br\/wp-content\/uploads\/2015\/05\/Aluguel-de-Carro-em-Natal.jpg\" sizes=\"(max-width: 685px) 100vw, 685px\" srcset=\"https:\/\/natalpraias.com.br\/wp-content\/uploads\/2015\/05\/Aluguel-de-Carro-em-Natal.jpg 685w, https:\/\/natalpraias.com.br\/wp-content\/uploads\/2015\/05\/Aluguel-de-Carro-em-Natal-108x300.jpg 108w, https:\/\/natalpraias.com.br\/wp-content\/uploads\/2015\/05\/Aluguel-de-Carro-em-Natal-369x1024.jpg 369w, https:\/\/natalpraias.com.br\/wp-content\/uploads\/2015\/05\/Aluguel-de-Carro-em-Natal-610x1694.jpg 610w\" alt=\"Aluguel de Carros em Natal\" width=\"685\" height=\"1902\" \/><\/span><\/p>\n<p><span style=\"font-size: 14pt; font-family: tahoma, arial, helvetica, sans-serif; color: #808080;\"><strong>\u00bfC\u00f3mo funciona el alquiler de coches?\u00a0<\/strong><\/span><\/p>\n<p align=\"center\"><span style=\"font-size: 14pt; font-family: tahoma, arial, helvetica, sans-serif; color: #808080;\">\u00a0\u00a0USTED elige entre las compa\u00f1\u00edas de alquiler de coche abajo la que mejor cumpla con sus necesidades.<\/span><\/p>\n<div>\n<ul>\n<li><span style=\"font-size: 14pt; font-family: tahoma, arial, helvetica, sans-serif; color: #808080;\">Reservaciones y m\u00e1s informaciones &gt;\u00a0<strong>Alquiler de coches en Natal<\/strong><\/span><\/li>\n<li><span style=\"font-size: 14pt; font-family: tahoma, arial, helvetica, sans-serif; color: #808080;\">Condiciones para &gt;\u00a0<strong>Alquiler de coches en Natal<\/strong><\/span><\/li>\n<li><span style=\"font-size: 14pt; font-family: tahoma, arial, helvetica, sans-serif; color: #808080;\">Confiera ofertas de diferentes compa\u00f1\u00edas &gt;\u00a0<strong>Mire aqu\u00ed<\/strong><\/span><\/li>\n<\/ul>\n<\/div>\n<\/div>\n<\/div>\n<\/div>\n<\/div>\n<\/div>\n<\/div>\n<div class=\"vc_row wpb_row vc_row-fluid\">\n<div class=\"wpb_column vc_column_container vc_col-sm-12\">\n<div class=\"vc_column-inner \">\n<div class=\"wpb_wrapper\">\n<section class=\"vc_cta3-container\">\n<div class=\"vc_general vc_cta3 vc_cta3-style-classic vc_cta3-shape-rounded vc_cta3-align-center vc_cta3-color-classic vc_cta3-icon-size-md vc_cta3-actions-bottom\">\n<div class=\"vc_cta3_content-container\">\n<div class=\"vc_cta3-content\">\n<header class=\"vc_cta3-content-header\">\n<h2 class=\"vc_custom_heading\"><span style=\"font-size: 14pt; font-family: tahoma, arial, helvetica, sans-serif; color: #808080;\">\u00a1Haga la reservaci\u00f3n de su coche ahora!<\/span><\/h2>\n<\/header>\n<p><span style=\"font-size: 14pt; font-family: tahoma, arial, helvetica, sans-serif; color: #808080;\">Haga clic en el bot\u00f3n abajo y haga la reservaci\u00f3n de su coche<\/span><\/p>\n<\/div>\n<div class=\"vc_cta3-actions\">\n<div class=\"vc_btn3-container vc_btn3-center\"><span style=\"font-size: 14pt; font-family: tahoma, arial, helvetica, sans-serif; color: #808080;\">Haga la reservaci\u00f3n ahora<\/span><\/div>\n<\/div>\n<\/div>\n<\/div>\n<\/section>\n<\/div>\n<\/div>\n<\/div>\n<\/div>\n<div class=\"vc_row wpb_row vc_row-fluid\">\n<div class=\"wpb_column vc_column_container vc_col-sm-4\">\n<div class=\"vc_column-inner \">\n<div class=\"wpb_wrapper\">\n<div class=\"wpb_single_image wpb_content_element vc_align_left\">\n<figure class=\"wpb_wrapper vc_figure\"><span style=\"font-size: 14pt; font-family: tahoma, arial, helvetica, sans-serif; color: #808080;\"><a class=\"vc_single_image-wrapper vc_box_border_grey\" href=\"https:\/\/natalpraias.com.br\/aluguel-de-carros-em-natal\/seabra-locadora-de-carros\/\"><img decoding=\"async\" class=\"vc_single_image-img attachment-full alignnone\" src=\"https:\/\/natalpraias.com.br\/wp-content\/uploads\/2016\/02\/Seabra-Locadora.jpg\" sizes=\"(max-width: 316px) 100vw, 316px\" srcset=\"https:\/\/natalpraias.com.br\/wp-content\/uploads\/2016\/02\/Seabra-Locadora.jpg 316w, https:\/\/natalpraias.com.br\/wp-content\/uploads\/2016\/02\/Seabra-Locadora-300x190.jpg 300w\" alt=\"Seabra Locadora\" width=\"316\" height=\"200\" \/><\/a><\/span><\/figure>\n<\/div>\n<\/div>\n<\/div>\n<\/div>\n<div class=\"wpb_column vc_column_container vc_col-sm-8\">\n<div class=\"vc_column-inner \">\n<div class=\"wpb_wrapper\">\n<div class=\"wpb_text_column wpb_content_element \">\n<div class=\"wpb_wrapper\">\n<p><span style=\"font-size: 14pt; font-family: tahoma, arial, helvetica, sans-serif; color: #808080;\">A Seabra Rent a Car est\u00e1 a mais de 20 anos no mercado oferecendo\u00a0servi\u00e7o de loca\u00e7\u00e3o com qualidade. Ofertas especiais para clientes Natal Praias,\u00a0<a href=\"https:\/\/natalpraias.com.br\/aluguel-de-carros-em-natal\/seabra-locadora-de-carros\/\">Confira!<\/a><\/span><\/p>\n<\/div>\n<\/div>\n<\/div>\n<\/div>\n<\/div>\n<\/div>\n<p>[\/vc_column_text][\/vc_column][\/vc_row]<\/p>\n<div style=\"display: none;\"\n    class=\"kk-star-ratings kksr-valign-bottom kksr-align-left kksr-disabled\"\n    data-id=\"65779\"\n    data-slug=\"\">\n    <div class=\"kksr-stars\">\n    <div class=\"kksr-stars-inactive\">\n            <div class=\"kksr-star\" data-star=\"1\">\n            <div class=\"kksr-icon\" style=\"width: px; height: px;\"><\/div>\n        <\/div>\n            <div class=\"kksr-star\" data-star=\"2\">\n            <div class=\"kksr-icon\" style=\"width: px; height: px;\"><\/div>\n        <\/div>\n            <div class=\"kksr-star\" data-star=\"3\">\n            <div class=\"kksr-icon\" style=\"width: px; height: px;\"><\/div>\n        <\/div>\n            <div class=\"kksr-star\" data-star=\"4\">\n            <div class=\"kksr-icon\" style=\"width: px; height: px;\"><\/div>\n        <\/div>\n            <div class=\"kksr-star\" data-star=\"5\">\n            <div class=\"kksr-icon\" style=\"width: px; height: px;\"><\/div>\n        <\/div>\n    <\/div>\n    <div class=\"kksr-stars-active\" style=\"width: 0px;\">\n            <div class=\"kksr-star\">\n            <div class=\"kksr-icon\" style=\"width: px; height: px;\"><\/div>\n        <\/div>\n            <div class=\"kksr-star\">\n            <div class=\"kksr-icon\" style=\"width: px; height: px;\"><\/div>\n        <\/div>\n            <div class=\"kksr-star\">\n            <div class=\"kksr-icon\" style=\"width: px; height: px;\"><\/div>\n        <\/div>\n            <div class=\"kksr-star\">\n            <div class=\"kksr-icon\" style=\"width: px; height: px;\"><\/div>\n        <\/div>\n            <div class=\"kksr-star\">\n            <div class=\"kksr-icon\" style=\"width: px; height: px;\"><\/div>\n        <\/div>\n    <\/div>\n<\/div>\n    <div class=\"kksr-legend\">\n            <span class=\"kksr-muted\"><\/span>\n    <\/div>\n<\/div>\n<p><a href=\"\/\/www.pinterest.com\/pin\/create\/button\/\" data-pin-do=\"buttonBookmark\" data-pin-color=\"red\" data-pin-height=\"128\"><img decoding=\"async\" src=\"\/\/assets.pinterest.com\/images\/pidgets\/pinit_fg_en_rect_red_28.png\" \/><\/a><\/p>","protected":false},"excerpt":{"rendered":"<p>[vc_row][vc_column][vc_column_text] Alquiler de Autos en Natal encontre tu\u00a0 coche Aqui Alquiler de Autos en Natal:\u00a0\u00a1Alquile un coche y disfrute de la ciudad del sol! \u00a0Hace tiempo el\u00a0alquiler de autos en Natal\u00a0dej\u00f3 de ser considerado un lujo y pas\u00f3 a ser un esencial para pasear y disfrutar de la ciudad en las vacaciones o viajes a [&hellip;]<\/p>\n","protected":false},"author":6,"featured_media":65512,"parent":0,"menu_order":0,"comment_status":"closed","ping_status":"closed","template":"","meta":{"_joinchat":[],"footnotes":""},"class_list":["post-65779","page","type-page","status-publish","has-post-thumbnail","hentry"],"yoast_head":"<!-- This site is optimized with the Yoast SEO plugin v23.9 - https:\/\/yoast.com\/wordpress\/plugins\/seo\/ -->\n<title>Alquiler de Autos en Natal: Meyores Precios para Usted<\/title>\n<meta name=\"description\" content=\"Hace tiempo el\u00a0alquiler de autos en Natal\u00a0dej\u00f3 de ser considerado un lujo y pas\u00f3 a ser un esencial para pasear. Para visitar a la parte norte de la ciudad\" \/>\n<meta name=\"robots\" content=\"index, follow, max-snippet:-1, max-image-preview:large, max-video-preview:-1\" \/>\n<link rel=\"canonical\" href=\"https:\/\/natalpraias.com.br\/aluguel-de-carros-em-natal\/\" \/>\n<meta property=\"og:locale\" content=\"es_ES\" \/>\n<meta property=\"og:type\" content=\"article\" \/>\n<meta property=\"og:title\" content=\"Alquiler de Autos en Natal: Meyores Precios para Usted\" \/>\n<meta property=\"og:description\" content=\"Hace tiempo el\u00a0alquiler de autos en Natal\u00a0dej\u00f3 de ser considerado un lujo y pas\u00f3 a ser un esencial para pasear. Para visitar a la parte norte de la ciudad\" \/>\n<meta property=\"og:url\" content=\"https:\/\/natalpraias.com.br\/aluguel-de-carros-em-natal\/\" \/>\n<meta property=\"og:site_name\" content=\"Natal Praias\" \/>\n<meta property=\"article:modified_time\" content=\"2017-12-12T10:57:59+00:00\" \/>\n<meta property=\"og:image\" content=\"https:\/\/natalpraias.com.br\/wp-content\/uploads\/2017\/11\/passeio-buggy.png\" \/>\n\t<meta property=\"og:image:width\" content=\"483\" \/>\n\t<meta property=\"og:image:height\" content=\"329\" \/>\n\t<meta property=\"og:image:type\" content=\"image\/png\" \/>\n<meta name=\"twitter:card\" content=\"summary_large_image\" \/>\n<meta name=\"twitter:label1\" content=\"Tiempo de lectura\" \/>\n\t<meta name=\"twitter:data1\" content=\"4 minutos\" \/>\n<!-- \/ Yoast SEO plugin. -->","yoast_head_json":{"title":"Alquiler de Autos en Natal: Meyores Precios para Usted","description":"Hace tiempo el\u00a0alquiler de autos en Natal\u00a0dej\u00f3 de ser considerado un lujo y pas\u00f3 a ser un esencial para pasear. Para visitar a la parte norte de la ciudad","robots":{"index":"index","follow":"follow","max-snippet":"max-snippet:-1","max-image-preview":"max-image-preview:large","max-video-preview":"max-video-preview:-1"},"canonical":"https:\/\/natalpraias.com.br\/aluguel-de-carros-em-natal\/","og_locale":"es_ES","og_type":"article","og_title":"Alquiler de Autos en Natal: Meyores Precios para Usted","og_description":"Hace tiempo el\u00a0alquiler de autos en Natal\u00a0dej\u00f3 de ser considerado un lujo y pas\u00f3 a ser un esencial para pasear. Para visitar a la parte norte de la ciudad","og_url":"https:\/\/natalpraias.com.br\/aluguel-de-carros-em-natal\/","og_site_name":"Natal Praias","article_modified_time":"2017-12-12T10:57:59+00:00","og_image":[{"width":483,"height":329,"url":"https:\/\/natalpraias.com.br\/wp-content\/uploads\/2017\/11\/passeio-buggy.png","type":"image\/png"}],"twitter_card":"summary_large_image","twitter_misc":{"Tiempo de lectura":"4 minutos"},"schema":{"@context":"https:\/\/schema.org","@graph":[{"@type":"WebPage","@id":"https:\/\/natalpraias.com.br\/aluguel-de-carros-em-natal\/","url":"https:\/\/natalpraias.com.br\/aluguel-de-carros-em-natal\/","name":"Alquiler de Autos en Natal: Meyores Precios para Usted","isPartOf":{"@id":"https:\/\/natalpraias.com.br\/#website"},"primaryImageOfPage":{"@id":"https:\/\/natalpraias.com.br\/aluguel-de-carros-em-natal\/#primaryimage"},"image":{"@id":"https:\/\/natalpraias.com.br\/aluguel-de-carros-em-natal\/#primaryimage"},"thumbnailUrl":"https:\/\/natalpraias.com.br\/wp-content\/uploads\/2017\/11\/passeio-buggy.png","datePublished":"2017-11-20T13:54:18+00:00","dateModified":"2017-12-12T10:57:59+00:00","description":"Hace tiempo el\u00a0alquiler de autos en Natal\u00a0dej\u00f3 de ser considerado un lujo y pas\u00f3 a ser un esencial para pasear. Para visitar a la parte norte de la ciudad","breadcrumb":{"@id":"https:\/\/natalpraias.com.br\/aluguel-de-carros-em-natal\/#breadcrumb"},"inLanguage":"es","potentialAction":[{"@type":"ReadAction","target":["https:\/\/natalpraias.com.br\/aluguel-de-carros-em-natal\/"]}]},{"@type":"ImageObject","inLanguage":"es","@id":"https:\/\/natalpraias.com.br\/aluguel-de-carros-em-natal\/#primaryimage","url":"https:\/\/natalpraias.com.br\/wp-content\/uploads\/2017\/11\/passeio-buggy.png","contentUrl":"https:\/\/natalpraias.com.br\/wp-content\/uploads\/2017\/11\/passeio-buggy.png","width":483,"height":329,"caption":"passeio buggy"},{"@type":"BreadcrumbList","@id":"https:\/\/natalpraias.com.br\/aluguel-de-carros-em-natal\/#breadcrumb","itemListElement":[{"@type":"ListItem","position":1,"name":"Home","item":"https:\/\/natalpraias.com.br\/"},{"@type":"ListItem","position":2,"name":"Alquiler de Autos en Natal"}]},{"@type":"WebSite","@id":"https:\/\/natalpraias.com.br\/#website","url":"https:\/\/natalpraias.com.br\/","name":"Natal Praias","description":"Guia de Praias e Passeios em Natal - Rio Grande do Note","potentialAction":[{"@type":"SearchAction","target":{"@type":"EntryPoint","urlTemplate":"https:\/\/natalpraias.com.br\/?s={search_term_string}"},"query-input":{"@type":"PropertyValueSpecification","valueRequired":true,"valueName":"search_term_string"}}],"inLanguage":"es"}]}},"_links":{"self":[{"href":"https:\/\/natalpraias.com.br\/es\/wp-json\/wp\/v2\/pages\/65779","targetHints":{"allow":["GET"]}}],"collection":[{"href":"https:\/\/natalpraias.com.br\/es\/wp-json\/wp\/v2\/pages"}],"about":[{"href":"https:\/\/natalpraias.com.br\/es\/wp-json\/wp\/v2\/types\/page"}],"author":[{"embeddable":true,"href":"https:\/\/natalpraias.com.br\/es\/wp-json\/wp\/v2\/users\/6"}],"replies":[{"embeddable":true,"href":"https:\/\/natalpraias.com.br\/es\/wp-json\/wp\/v2\/comments?post=65779"}],"version-history":[{"count":0,"href":"https:\/\/natalpraias.com.br\/es\/wp-json\/wp\/v2\/pages\/65779\/revisions"}],"wp:featuredmedia":[{"embeddable":true,"href":"https:\/\/natalpraias.com.br\/es\/wp-json\/wp\/v2\/media\/65512"}],"wp:attachment":[{"href":"https:\/\/natalpraias.com.br\/es\/wp-json\/wp\/v2\/media?parent=65779"}],"curies":[{"name":"wp","href":"https:\/\/api.w.org\/{rel}","templated":true}]}}